{"id":15135,"date":"2017-01-28T11:50:54","date_gmt":"2017-01-28T09:50:54","guid":{"rendered":"http:\/\/www.stop-cancer-romania.ro\/?page_id=15135"},"modified":"2021-09-23T12:48:32","modified_gmt":"2021-09-23T10:48:32","slug":"comitete","status":"publish","type":"page","link":"https:\/\/www.stop-cancer-romania.ro\/en\/simpozion2021\/comitete\/","title":{"rendered":"Committees"},"content":{"rendered":"<p><\/p>\n<p>[vc_row css_animation=&#8221;&#8221; row_type=&#8221;row&#8221; use_row_as_full_screen_section=&#8221;no&#8221; type=&#8221;full_width&#8221; angled_section=&#8221;no&#8221; text_align=&#8221;left&#8221; background_image_as_pattern=&#8221;without_pattern&#8221;][vc_column][vc_column_text]<\/p>\n<p><strong>ORGANIZING COMMITTEE:<\/strong><\/p>\n<p>Dr. Florin Bacanu<\/p>\n<p>Assoc. Prof. Dr. Adina Croitoru<\/p>\n<p>Assoc. Prof. Dr. Doru Paul<\/p>\n<p>Dr. Vlad Croitoru<\/p>\n<p>[\/vc_column_text][\/vc_column][\/vc_row][vc_row css_animation=&#8221;&#8221; row_type=&#8221;row&#8221; use_row_as_full_screen_section=&#8221;no&#8221; type=&#8221;full_width&#8221; angled_section=&#8221;no&#8221; text_align=&#8221;left&#8221; background_image_as_pattern=&#8221;without_pattern&#8221;][vc_column][vc_empty_space height=&#8221;100px&#8221;][\/vc_column][\/vc_row][vc_row css_animation=&#8221;&#8221; row_type=&#8221;row&#8221; use_row_as_full_screen_section=&#8221;no&#8221; type=&#8221;full_width&#8221; angled_section=&#8221;no&#8221; text_align=&#8221;left&#8221; background_image_as_pattern=&#8221;without_pattern&#8221;][vc_column width=&#8221;1\/2&#8243;][vc_column_text]<\/p>\n<p><strong>SCIENTIFIC COMMITTEE:<\/strong><\/p>\n<p>Prof.  Volkan Adsay, MD, PhD<br \/>Cristina Antonescu, MD, PhD<br \/>Prof. Dr. Florinel Badulescu<br \/>Florin B\u0103canu, MD<br \/>Prof. Dr. Florinel Badulescu<br \/>Prof.  Berindean Neagoe Ioana, MD, PhD<br \/>Adelina Birceanu, MD<br \/>Prof.  Daniela Bota, MD, PhD<br \/>Prof.  George C\u0103lin MD, PhD<br \/>Irina Cazacu, MD, PhD<br \/>Prof. E. Gabriela Chiorean, MD, PhD<br \/>PhD Gabriela Chiritoiu<br \/>Prof. Tudor Ciuleanu, MD, PhD<br \/>R\u0103zvan Cristescu, PhD<br \/>Assoc. Prof. Adina Croitoru, MD, PhD<br \/>Vlad Croitoru, MD<br \/>Assist. Prof. Daniel D\u0103nil\u0103, MD, PhD<br \/>Mircea Dediu, MD, PhD<br \/>Simona Dima, MD, PhD<br \/>Assoc. Prof. Roxana Dronca, MD, PhD<br \/>Assoc. Prof. Dan Duda, MD, PhD<br \/>Assoc.Prof. Lauren\u021bia Gale\u0219, MD, PhD<br \/>Adelina Gheorghe, MD<br \/>Assoc. Prof. Gabriela Gheorghe, MD, PhD<br \/>Iulia Gramaticu, MD<br \/>Dana Grecea, MD<br \/>Assoc. Prof. Vlad Herlea, MD<br \/>Assist. Prof. R\u0103zvan Iacob, MD, PhD<br \/>Prof. Diana Ionescu, MD, PhD<br \/>Dan Jinga, MD<br \/>Prof. Viorel Jinga, MD, PhD<br \/>Prof. Gabriel Kacso, MD, PhD<br \/>Assist. Prof. R\u0103zvan L\u0103p\u0103dat, MD, PhD<br \/>Ioana Luca, MD<br \/>Cristian Lungulescu, MD<br \/>Celia M\u0103rginean, MD<br \/>Assist. Prof. Mihai Marinca, MD, PhD<br \/>Assist. Prof. Irina Matei, MD, PhD<br \/>Prof. Daniela Matei, MD, PhD<br \/>Prof. Laura Mazilu, MD, PhD<br \/>Dr Dragos Median<br \/>Prof. Alina Mihai, MD, PhD<br \/>Prof.  Michael Milosevic, MD, PhD<br \/>Prof Lucian Miron, PhD, MD<br \/>Assist. Prof. Alina Mu\u0219etescu, MD, PhD<br \/>Assoc. Prof. \u0218erban Negru, MD, PhD<br \/>Amedeia Ni\u021b\u0103, MD<br \/>Tudor Oprea, MD<br \/>Alexandru Opri\u021ba, MD<br \/>Assoc.Prof. Doru Paul, MD, PhD<br \/>Laura P\u0103tra\u0219, PhD<br \/>\u0218tefana Petrescu, PhD<br \/>Radu P\u00eerlog, MD<br \/>Assist. Prof. Elisabeta Popa, MD, PhD<br \/>Prof. Irinel Popescu, MD, PhD<br \/>Assoc. Prof. Tony Popescu, MD, PhD<br \/>Alexandra Pu\u0219ca\u0219u, MD<br \/>Gabriel R\u00eecu, MD<br \/>Arjun Sahgal, MD<br \/>Prof. Adrian S\u0103ftoiu, MD, PhD<br \/>Assoc. Prof. Michael Schenker, MD, PhD<br \/>Assoc. Prof. Dana St\u0103nculeanu, MD, PhD<br \/>Assist. Prof. Teo St\u0103nescu , MD, PhD<br \/>Cezar Stroescu, MD<br \/>Daniel Sur, MD<br \/>Irina \u0218andra, MD<br \/>Andrei Ungureanu, MD<br \/>Ovidiu Veresezan, MD<br \/>Simona Volov\u0103\u021b, MD<br \/>Assist. Prof. Horia Vulpe, MD, PhD<br \/>Tony Wang, MD<br \/>Daniela Zob, MD<\/p>\n<p>[\/vc_column_text][\/vc_column][vc_column width=&#8221;1\/2&#8243;][vc_column_text]Dr. R\u0103zvan Iacob<br \/>\nProf. PhD Andrei Dumitru Iacobas<br \/>\nProf. Dr. Peter Igaz<br \/>\nConf. dr. Mihnea Ionescu<br \/>\nDr. Virgil Ionescu<br \/>\nDr. Polixenia Iorga<br \/>\nDr. Dan Jinga<br \/>\nAssoc. Prof. Dr. Gabriel Kacso<br \/>\nDr. R\u0103zvan L\u0103p\u0103dat<br \/>\nAssist. Prof. Dr. Daniela Matei<br \/>\nProf. Dr. Irina Matei<br \/>\nProf. Laura Marcu<br \/>\nAssoc. Prof. Dr. Laura Mazilu<br \/>\nDr. Ioana Luca<br \/>\nProf. Dr. Ioana Lupescu<br \/>\nDr. Drago\u0219 Median<br \/>\nProf. Dr. Alina Mihaela Mihai<br \/>\nProf. Dr. Lucian Miron<br \/>\nProf. Dr. Ioana Berindan Neagoe<br \/>\nDr. Ovidiu Palea<br \/>\nDr. Raluca P\u0103tru<br \/>\nAssist. Prof. Dr. Doru Paul<br \/>\nAssoc. Prof. Dr. Diana P\u0103un<br \/>\nProf. Dr. Catalina Poiana<br \/>\nDr. Laura Popa<br \/>\nProf. Dr. Irinel Popescu<br \/>\nDr. Dragos Predescu<br \/>\nDr. Gabriel Ricu<br \/>\nProf. Dr. Adrian Salic<br \/>\nAssist. Prof. Dr. Michael Schenker<br \/>\nPhd. Livia Sima<br \/>\nDr. Alina Sturdza<br \/>\nPhd. Nikos Tsoulos<br \/>\nDr. Nina Tunariu<br \/>\nDr. Adrian Udrea<br \/>\nDr. Andrei Ungureanu<br \/>\nDr. Mihaela Vlad<br \/>\nAssist. Prof. Dr. Horia Vulpe[\/vc_column_text][\/vc_column][\/vc_row][vc_row css_animation=&#8221;&#8221; row_type=&#8221;row&#8221; use_row_as_full_screen_section=&#8221;no&#8221; type=&#8221;full_width&#8221; angled_section=&#8221;no&#8221; text_align=&#8221;left&#8221; background_image_as_pattern=&#8221;without_pattern&#8221;][vc_column][vc_empty_space][\/vc_column][\/vc_row]<\/p>\n<p><\/p>","protected":false},"excerpt":{"rendered":"<p>[vc_row css_animation=&#8221;&#8221; row_type=&#8221;row&#8221; use_row_as_full_screen_section=&#8221;no&#8221; type=&#8221;full_width&#8221; angled_section=&#8221;no&#8221; text_align=&#8221;left&#8221; background_image_as_pattern=&#8221;without_pattern&#8221;][vc_column][vc_column_text] ORGANIZING COMMITTEE: Dr. Florin Bacanu Assoc. Prof. Dr. Adina Croitoru Assoc. Prof. Dr. Doru Paul Dr. Vlad Croitoru [\/vc_column_text][\/vc_column][\/vc_row][vc_row css_animation=&#8221;&#8221; row_type=&#8221;row&#8221; use_row_as_full_screen_section=&#8221;no&#8221; type=&#8221;full_width&#8221; angled_section=&#8221;no&#8221; text_align=&#8221;left&#8221; background_image_as_pattern=&#8221;without_pattern&#8221;][vc_column][vc_empty_space height=&#8221;100px&#8221;][\/vc_column][\/vc_row][vc_row css_animation=&#8221;&#8221; row_type=&#8221;row&#8221; use_row_as_full_screen_section=&#8221;no&#8221; type=&#8221;full_width&#8221; angled_section=&#8221;no&#8221; text_align=&#8221;left&#8221; background_image_as_pattern=&#8221;without_pattern&#8221;][vc_column width=&#8221;1\/2&#8243;][vc_column_text] SCIENTIFIC COMMITTEE:&#8230;<\/p>\n","protected":false},"author":1,"featured_media":0,"parent":16275,"menu_order":0,"comment_status":"closed","ping_status":"closed","template":"","meta":[],"_links":{"self":[{"href":"https:\/\/www.stop-cancer-romania.ro\/en\/wp-json\/wp\/v2\/pages\/15135"}],"collection":[{"href":"https:\/\/www.stop-cancer-romania.ro\/en\/wp-json\/wp\/v2\/pages"}],"about":[{"href":"https:\/\/www.stop-cancer-romania.ro\/en\/wp-json\/wp\/v2\/types\/page"}],"author":[{"embeddable":true,"href":"https:\/\/www.stop-cancer-romania.ro\/en\/wp-json\/wp\/v2\/users\/1"}],"replies":[{"embeddable":true,"href":"https:\/\/www.stop-cancer-romania.ro\/en\/wp-json\/wp\/v2\/comments?post=15135"}],"version-history":[{"count":46,"href":"https:\/\/www.stop-cancer-romania.ro\/en\/wp-json\/wp\/v2\/pages\/15135\/revisions"}],"predecessor-version":[{"id":16597,"href":"https:\/\/www.stop-cancer-romania.ro\/en\/wp-json\/wp\/v2\/pages\/15135\/revisions\/16597"}],"up":[{"embeddable":true,"href":"https:\/\/www.stop-cancer-romania.ro\/en\/wp-json\/wp\/v2\/pages\/16275"}],"wp:attachment":[{"href":"https:\/\/www.stop-cancer-romania.ro\/en\/wp-json\/wp\/v2\/media?parent=15135"}],"curies":[{"name":"wp","href":"https:\/\/api.w.org\/{rel}","templated":true}]}}