{"id":16204,"date":"2020-09-17T10:31:08","date_gmt":"2020-09-17T08:31:08","guid":{"rendered":"https:\/\/www.stop-cancer-romania.ro\/?page_id=16204"},"modified":"2021-12-22T23:45:09","modified_gmt":"2021-12-22T21:45:09","slug":"program-stiintific-2020","status":"publish","type":"page","link":"https:\/\/www.stop-cancer-romania.ro\/en\/arhiva-simpozioane\/program-stiintific\/program-stiintific-2020\/","title":{"rendered":"(Rom\u00e2n\u0103) Program \u015ftiin\u0163ific 2020"},"content":{"rendered":"<p class=\"qtranxs-available-languages-message qtranxs-available-languages-message-en\">Sorry, this entry is only available in <a href=\"https:\/\/www.stop-cancer-romania.ro\/ro\/wp-json\/wp\/v2\/pages\/16204\" class=\"qtranxs-available-language-link qtranxs-available-language-link-ro\" title=\"Rom\u00e2n\u0103\">Romanian<\/a>.<\/p>","protected":false},"excerpt":{"rendered":"<p>Sorry, this entry is only available in Romanian.<\/p>\n","protected":false},"author":1,"featured_media":0,"parent":15796,"menu_order":0,"comment_status":"closed","ping_status":"closed","template":"","meta":[],"_links":{"self":[{"href":"https:\/\/www.stop-cancer-romania.ro\/en\/wp-json\/wp\/v2\/pages\/16204"}],"collection":[{"href":"https:\/\/www.stop-cancer-romania.ro\/en\/wp-json\/wp\/v2\/pages"}],"about":[{"href":"https:\/\/www.stop-cancer-romania.ro\/en\/wp-json\/wp\/v2\/types\/page"}],"author":[{"embeddable":true,"href":"https:\/\/www.stop-cancer-romania.ro\/en\/wp-json\/wp\/v2\/users\/1"}],"replies":[{"embeddable":true,"href":"https:\/\/www.stop-cancer-romania.ro\/en\/wp-json\/wp\/v2\/comments?post=16204"}],"version-history":[{"count":41,"href":"https:\/\/www.stop-cancer-romania.ro\/en\/wp-json\/wp\/v2\/pages\/16204\/revisions"}],"predecessor-version":[{"id":16416,"href":"https:\/\/www.stop-cancer-romania.ro\/en\/wp-json\/wp\/v2\/pages\/16204\/revisions\/16416"}],"up":[{"embeddable":true,"href":"https:\/\/www.stop-cancer-romania.ro\/en\/wp-json\/wp\/v2\/pages\/15796"}],"wp:attachment":[{"href":"https:\/\/www.stop-cancer-romania.ro\/en\/wp-json\/wp\/v2\/media?parent=16204"}],"curies":[{"name":"wp","href":"https:\/\/api.w.org\/{rel}","templated":true}]}}