{"id":16730,"date":"2022-08-21T11:18:49","date_gmt":"2022-08-21T09:18:49","guid":{"rendered":"https:\/\/www.stop-cancer-romania.ro\/?page_id=16730"},"modified":"2022-08-23T21:20:09","modified_gmt":"2022-08-23T19:20:09","slug":"taxe-de-participare","status":"publish","type":"page","link":"https:\/\/www.stop-cancer-romania.ro\/en\/simpozion-2022\/taxe-de-participare\/","title":{"rendered":"Registration fees"},"content":{"rendered":"<p><\/p>\n<p>[vc_row css_animation=&#8221;&#8221; row_type=&#8221;row&#8221; use_row_as_full_screen_section=&#8221;no&#8221; type=&#8221;full_width&#8221; angled_section=&#8221;no&#8221; text_align=&#8221;left&#8221; background_image_as_pattern=&#8221;without_pattern&#8221;][vc_column][vc_column_text]<\/p>\n<h2>Taxe de participare<\/h2>\n<p>&nbsp;<\/p>\n<p>Participare fizic\u0103, \u00een sala de conferin\u021be a Hotelului Crowne Plaza, Bucure\u0219ti:<\/p>\n<p>&#8211; 100 lei pentru studen\u021bi \u0219i medici reziden\u021bi<\/p>\n<p>&#8211; 300 lei pentru ceilal\u021bi participan\u021bi<\/p>\n<p>&nbsp;<\/p>\n<p>Participare online:<\/p>\n<p>&#8211; 100 lei (indiferent de ocupa\u021bie)<\/p>\n<p>&nbsp;<\/p>\n<p>Taxele de mai sus acoper\u0103 participarea la toate lucr\u0103rile Simpozionului STOP Cancer 2022, pe toat\u0103 durata celor trei zile, precum \u0219i emiterea diplomelor.<\/p>\n<p>&nbsp;<\/p>\n<p>Plata taxelor de participare la Simpozionul STOP Cancer 2022 se face in contul:<\/p>\n<p>&nbsp;<\/p>\n<p><b>Asocia\u021bia Societatea Transdisciplinar\u0103 de Oncologie Personalizat\u0103 pentru Combaterea Cancerului \u2013 STOP CANCER<\/b><br \/><i>Cod Identificare Fiscal\u0103 (CIF):<\/i> 37532643<br \/><i>IBAN:<\/i> RO60CECEB21030RON4407809<br \/><i>Banca:<\/i> CEC BANK<\/p>\n<p><i>Telefon Organizator:<\/i> 0724 056 526<br \/><i>Email suport \u00eenscrieri \u0219i pl\u0103\u021bi:<\/i> contact@stop-cancer-romania.ro<br \/><i>Email echipa tehnic\u0103:<\/i> contact@stop-cancer.ro<\/p>\n<p>&nbsp;<\/p>\n<p>V\u0103 rug\u0103m s\u0103 men\u021biona\u021bi pe ordinul de plat\u0103 numele medicului pentru care achita\u021bi taxa de participare.<\/p>\n<p>[\/vc_column_text][\/vc_column][\/vc_row][vc_row css_animation=&#8221;&#8221; row_type=&#8221;row&#8221; use_row_as_full_screen_section=&#8221;no&#8221; type=&#8221;full_width&#8221; angled_section=&#8221;no&#8221; text_align=&#8221;left&#8221; background_image_as_pattern=&#8221;without_pattern&#8221;][vc_column][vc_empty_space height=&#8221;100px&#8221;][\/vc_column][\/vc_row]<\/p>\n<p><\/p>","protected":false},"excerpt":{"rendered":"<p>[vc_row css_animation=&#8221;&#8221; row_type=&#8221;row&#8221; use_row_as_full_screen_section=&#8221;no&#8221; type=&#8221;full_width&#8221; angled_section=&#8221;no&#8221; text_align=&#8221;left&#8221; background_image_as_pattern=&#8221;without_pattern&#8221;][vc_column][vc_column_text] Taxe de participare &nbsp; Participare fizic\u0103, \u00een sala de conferin\u021be a Hotelului Crowne Plaza, Bucure\u0219ti: &#8211; 100 lei pentru studen\u021bi \u0219i medici reziden\u021bi &#8211; 300 lei pentru ceilal\u021bi participan\u021bi &nbsp; Participare online: &#8211; 100 lei (indiferent de&#8230;<\/p>\n","protected":false},"author":1,"featured_media":0,"parent":16726,"menu_order":0,"comment_status":"closed","ping_status":"closed","template":"","meta":[],"_links":{"self":[{"href":"https:\/\/www.stop-cancer-romania.ro\/en\/wp-json\/wp\/v2\/pages\/16730"}],"collection":[{"href":"https:\/\/www.stop-cancer-romania.ro\/en\/wp-json\/wp\/v2\/pages"}],"about":[{"href":"https:\/\/www.stop-cancer-romania.ro\/en\/wp-json\/wp\/v2\/types\/page"}],"author":[{"embeddable":true,"href":"https:\/\/www.stop-cancer-romania.ro\/en\/wp-json\/wp\/v2\/users\/1"}],"replies":[{"embeddable":true,"href":"https:\/\/www.stop-cancer-romania.ro\/en\/wp-json\/wp\/v2\/comments?post=16730"}],"version-history":[{"count":6,"href":"https:\/\/www.stop-cancer-romania.ro\/en\/wp-json\/wp\/v2\/pages\/16730\/revisions"}],"predecessor-version":[{"id":16753,"href":"https:\/\/www.stop-cancer-romania.ro\/en\/wp-json\/wp\/v2\/pages\/16730\/revisions\/16753"}],"up":[{"embeddable":true,"href":"https:\/\/www.stop-cancer-romania.ro\/en\/wp-json\/wp\/v2\/pages\/16726"}],"wp:attachment":[{"href":"https:\/\/www.stop-cancer-romania.ro\/en\/wp-json\/wp\/v2\/media?parent=16730"}],"curies":[{"name":"wp","href":"https:\/\/api.w.org\/{rel}","templated":true}]}}