{"id":16759,"date":"2022-09-05T17:38:30","date_gmt":"2022-09-05T15:38:30","guid":{"rendered":"https:\/\/www.stop-cancer-romania.ro\/?page_id=16759"},"modified":"2024-02-17T02:31:25","modified_gmt":"2024-02-17T00:31:25","slug":"program-stiintific-2022","status":"publish","type":"page","link":"https:\/\/www.stop-cancer-romania.ro\/en\/simpozion-2022\/program-stiintific-2022\/","title":{"rendered":"(Rom\u00e2n\u0103) Program \u015ftiin\u0163ific 2022"},"content":{"rendered":"<p class=\"qtranxs-available-languages-message qtranxs-available-languages-message-en\">Sorry, this entry is only available in <a href=\"https:\/\/www.stop-cancer-romania.ro\/ro\/wp-json\/wp\/v2\/pages\/16759\" class=\"qtranxs-available-language-link qtranxs-available-language-link-ro\" title=\"Rom\u00e2n\u0103\">Romanian<\/a>.<\/p>","protected":false},"excerpt":{"rendered":"<p>Sorry, this entry is only available in Romanian.<\/p>\n","protected":false},"author":1,"featured_media":0,"parent":16726,"menu_order":0,"comment_status":"closed","ping_status":"closed","template":"","meta":[],"_links":{"self":[{"href":"https:\/\/www.stop-cancer-romania.ro\/en\/wp-json\/wp\/v2\/pages\/16759"}],"collection":[{"href":"https:\/\/www.stop-cancer-romania.ro\/en\/wp-json\/wp\/v2\/pages"}],"about":[{"href":"https:\/\/www.stop-cancer-romania.ro\/en\/wp-json\/wp\/v2\/types\/page"}],"author":[{"embeddable":true,"href":"https:\/\/www.stop-cancer-romania.ro\/en\/wp-json\/wp\/v2\/users\/1"}],"replies":[{"embeddable":true,"href":"https:\/\/www.stop-cancer-romania.ro\/en\/wp-json\/wp\/v2\/comments?post=16759"}],"version-history":[{"count":9,"href":"https:\/\/www.stop-cancer-romania.ro\/en\/wp-json\/wp\/v2\/pages\/16759\/revisions"}],"predecessor-version":[{"id":17025,"href":"https:\/\/www.stop-cancer-romania.ro\/en\/wp-json\/wp\/v2\/pages\/16759\/revisions\/17025"}],"up":[{"embeddable":true,"href":"https:\/\/www.stop-cancer-romania.ro\/en\/wp-json\/wp\/v2\/pages\/16726"}],"wp:attachment":[{"href":"https:\/\/www.stop-cancer-romania.ro\/en\/wp-json\/wp\/v2\/media?parent=16759"}],"curies":[{"name":"wp","href":"https:\/\/api.w.org\/{rel}","templated":true}]}}