{"id":16843,"date":"2023-02-16T23:57:05","date_gmt":"2023-02-16T21:57:05","guid":{"rendered":"https:\/\/www.stop-cancer-romania.ro\/?page_id=16843"},"modified":"2023-02-17T01:22:18","modified_gmt":"2023-02-16T23:22:18","slug":"postdoc-immunology","status":"publish","type":"page","link":"https:\/\/www.stop-cancer-romania.ro\/en\/simpozion-2023\/postdoc-immunology\/","title":{"rendered":"Postdoc \u2013 Immunology"},"content":{"rendered":"<p><\/p>\n<p>[vc_row css_animation=&#8221;&#8221; row_type=&#8221;row&#8221; use_row_as_full_screen_section=&#8221;no&#8221; type=&#8221;full_width&#8221; angled_section=&#8221;no&#8221; text_align=&#8221;left&#8221; background_image_as_pattern=&#8221;without_pattern&#8221;][vc_column][vc_column_text]<\/p>\n<p>\nDna Dr. Dorina Avram de la Departmentul de Imunologie de la Moffitt Cancer Center din Tampa, Florida, va fi prezent\u0103 la Edi\u021bia a VII-a a Simpozionului STOP Cancer, 20-22 aprilie 2023, care va avea loc la Hotelul Crowne Plaza Bucure\u0219ti. Dr. Dorina Avram ofer\u0103 un post de studii postdoctorale \u00een laboratorul Moffitt Cancer Center pentru studiul deregl\u0103rilor imunitare \u00een cancer \u0219i \u00een bolile autoimune. Cei interesa\u021bi pot expedia CV-ul prin email direct pe adresa d\u00e2nsei (vezi mai jos) cu CC c\u0103tre contact@stop-cancer.ro \u00een vederea stabilirii unui interviu.<\/p>\n<p>&nbsp;<\/p>\n<p>[\/vc_column_text][\/vc_column][\/vc_row][vc_row css_animation=&#8221;&#8221; row_type=&#8221;row&#8221; use_row_as_full_screen_section=&#8221;no&#8221; type=&#8221;full_width&#8221; angled_section=&#8221;no&#8221; text_align=&#8221;left&#8221; background_image_as_pattern=&#8221;without_pattern&#8221;][vc_column][vc_single_image image=&#8221;16846&#8243; img_size=&#8221;large&#8221; alignment=&#8221;center&#8221; qode_css_animation=&#8221;&#8221;][\/vc_column][\/vc_row][vc_row css_animation=&#8221;&#8221; row_type=&#8221;row&#8221; use_row_as_full_screen_section=&#8221;no&#8221; type=&#8221;full_width&#8221; angled_section=&#8221;no&#8221; text_align=&#8221;left&#8221; background_image_as_pattern=&#8221;without_pattern&#8221;][vc_column][vc_column_text]<\/p>\n<p>&nbsp;<\/p>\n<h2>Postdoc \u2013 Immunology at Moffitt Cancer Center and Research Institute, Tampa, Florida<\/h2>\n<p>&nbsp;<\/p>\n<p>Postdoc position is available in the laboratory of Dr. Dorina Avram in the Department of Immunology at the Moffitt Cancer Center to study immune dysregulation in cancer and autoimmunity. We investigate in depth cellular programs and their regulatory mechanisms with the ultimate goal to harness the immune responses in cancer and autoimmunity.<\/p>\n<p>&nbsp;<\/p>\n<p>We use genetically engineered mouse models, organoid culture systems and patient-derived samples, along with state of the art methodologies, including transcriptomics (bulk and scRNAseq), ATACseq, ChIPseq, proteomics and metabolomics, multiplex immunofluorescence and spatial transcriptmics.<\/p>\n<p>&nbsp;<\/p>\n<p><strong>Credentials and Qualifications:<\/strong> We seek an enthusiastic candidate with a Ph.D. in immunology or related fields, and strong commitment, with first author research publications and rich wet laboratory experience, including working with mice. Submit your curriculum vitae, including clear list of publications and a cover letter directly to dorina.avram@moffitt.org.<\/p>\n<p>&nbsp;<\/p>\n<p><strong>Moffitt Cancer Center and Research Institute<\/strong> is proud to be Florida\u2019s only National Cancer Institute-designated Comprehensive Cancer Center located in Tampa. We strive to be the leader in understanding the complexity of cancer through team science and applying those insights for human benefits. Every Team Member of Moffitt focuses on our lasting commitment to our mission: <strong><em>To contribute to the prevention and cure of cancer.<\/em><\/strong><\/p>\n<p>&nbsp;<\/p>\n<p>Moffitt Postdocs are provided with Medical (Moffitt covers premium for team member) effective upon start date and eligible for Dental, Vision, Paid Time Off, Retirement, Parental Leave and more. You may be eligible for relocation allowance per policy. Reasons to relocate, aside from the sunshine, beaches and year-round outdoor recreation associated with the Gulf Coast of Florida, Tampa is a thriving metropolitan city, which has become a hub for ground-breaking research, welcoming individuals from around the globe. This diverse city is engulfed with rich culture, year-round activities for all, beautiful beaches, amazing cuisine and so much more. We strive for work\/life balance.<\/p>\n<p>&nbsp;<\/p>\n<p><strong>Equal Employment Opportunity<\/strong><br \/>\nMoffitt is an Equal Opportunity\/Affirmative Action Employer. All qualified applicants will receive consideration for employment without regard to race, color, religion, sex, sexual orientation, gender identity, national origin, age, or protected veteran or disabled status. Moffitt seeks candidates whose skills, and personal and professional experience, have prepared them to contribute to our commitment to diversity and excellence.<\/p>\n<p>&nbsp;<\/p>\n<p>[\/vc_column_text][\/vc_column][\/vc_row][vc_row css_animation=&#8221;&#8221; row_type=&#8221;row&#8221; use_row_as_full_screen_section=&#8221;no&#8221; type=&#8221;full_width&#8221; angled_section=&#8221;no&#8221; text_align=&#8221;left&#8221; background_image_as_pattern=&#8221;without_pattern&#8221;][vc_column][vc_empty_space height=&#8221;100px&#8221;][\/vc_column][\/vc_row]<\/p>\n<p><\/p>","protected":false},"excerpt":{"rendered":"<p>[vc_row css_animation=&#8221;&#8221; row_type=&#8221;row&#8221; use_row_as_full_screen_section=&#8221;no&#8221; type=&#8221;full_width&#8221; angled_section=&#8221;no&#8221; text_align=&#8221;left&#8221; background_image_as_pattern=&#8221;without_pattern&#8221;][vc_column][vc_column_text] Dna Dr. Dorina Avram de la Departmentul de Imunologie de la Moffitt Cancer Center din Tampa, Florida, va fi prezent\u0103 la Edi\u021bia a VII-a a Simpozionului STOP Cancer, 20-22 aprilie 2023, care va avea loc la Hotelul&#8230;<\/p>\n","protected":false},"author":1,"featured_media":0,"parent":16798,"menu_order":0,"comment_status":"closed","ping_status":"closed","template":"","meta":[],"_links":{"self":[{"href":"https:\/\/www.stop-cancer-romania.ro\/en\/wp-json\/wp\/v2\/pages\/16843"}],"collection":[{"href":"https:\/\/www.stop-cancer-romania.ro\/en\/wp-json\/wp\/v2\/pages"}],"about":[{"href":"https:\/\/www.stop-cancer-romania.ro\/en\/wp-json\/wp\/v2\/types\/page"}],"author":[{"embeddable":true,"href":"https:\/\/www.stop-cancer-romania.ro\/en\/wp-json\/wp\/v2\/users\/1"}],"replies":[{"embeddable":true,"href":"https:\/\/www.stop-cancer-romania.ro\/en\/wp-json\/wp\/v2\/comments?post=16843"}],"version-history":[{"count":21,"href":"https:\/\/www.stop-cancer-romania.ro\/en\/wp-json\/wp\/v2\/pages\/16843\/revisions"}],"predecessor-version":[{"id":16867,"href":"https:\/\/www.stop-cancer-romania.ro\/en\/wp-json\/wp\/v2\/pages\/16843\/revisions\/16867"}],"up":[{"embeddable":true,"href":"https:\/\/www.stop-cancer-romania.ro\/en\/wp-json\/wp\/v2\/pages\/16798"}],"wp:attachment":[{"href":"https:\/\/www.stop-cancer-romania.ro\/en\/wp-json\/wp\/v2\/media?parent=16843"}],"curies":[{"name":"wp","href":"https:\/\/api.w.org\/{rel}","templated":true}]}}