{"id":16868,"date":"2023-02-21T01:35:49","date_gmt":"2023-02-20T23:35:49","guid":{"rendered":"https:\/\/www.stop-cancer-romania.ro\/?page_id=16868"},"modified":"2023-02-21T01:43:54","modified_gmt":"2023-02-20T23:43:54","slug":"template-prezentare","status":"publish","type":"page","link":"https:\/\/www.stop-cancer-romania.ro\/en\/simpozion-2023\/template-prezentare\/","title":{"rendered":"Presentation template"},"content":{"rendered":"<p><\/p>\n<p>[vc_row css_animation=&#8221;&#8221; row_type=&#8221;row&#8221; use_row_as_full_screen_section=&#8221;no&#8221; type=&#8221;full_width&#8221; angled_section=&#8221;no&#8221; text_align=&#8221;left&#8221; background_image_as_pattern=&#8221;without_pattern&#8221;][vc_column][vc_column_text]<\/p>\n<h2>Template prezentare Simpozion 2023<\/h2>\n<p>&nbsp;<\/p>\n<p>Speakerii care urmeaz\u0103 s\u0103 sus\u021bin\u0103 prezent\u0103ri \u00een cadrul Edi\u021biei 2023 a Simpozionului, pot folosi ca template pentru prezentare, fi\u0219ierul PowerPoint de mai jos (clic pe link pentru a-l dec\u0103rca pe calculatorul Dvs.):<\/p>\n<p>&nbsp;<\/p>\n<p><a href=\"https:\/\/www.stop-cancer-romania.ro\/wp-content\/uploads\/2023\/02\/StopCancer2023_template_prezentare_16-9.pptx\" rel=\"noopener\" target=\"_blank\">StopCancer2023_template_prezentare_16-9.pptx<\/a><\/p>\n<p>&nbsp;<\/p>\n<p>[\/vc_column_text][\/vc_column][\/vc_row][vc_row css_animation=&#8221;&#8221; row_type=&#8221;row&#8221; use_row_as_full_screen_section=&#8221;no&#8221; type=&#8221;full_width&#8221; angled_section=&#8221;no&#8221; text_align=&#8221;left&#8221; background_image_as_pattern=&#8221;without_pattern&#8221;][vc_column][vc_single_image image=&#8221;16869&#8243; img_size=&#8221;large&#8221; alignment=&#8221;center&#8221; onclick=&#8221;custom_link&#8221; img_link_target=&#8221;_blank&#8221; qode_css_animation=&#8221;&#8221; link=&#8221;https:\/\/www.stop-cancer-romania.ro\/wp-content\/uploads\/2023\/02\/StopCancer2023_template_prezentare_16-9.pptx&#8221;][\/vc_column][\/vc_row][vc_row css_animation=&#8221;&#8221; row_type=&#8221;row&#8221; use_row_as_full_screen_section=&#8221;no&#8221; type=&#8221;full_width&#8221; angled_section=&#8221;no&#8221; text_align=&#8221;left&#8221; background_image_as_pattern=&#8221;without_pattern&#8221;][vc_column][vc_empty_space height=&#8221;100px&#8221;][\/vc_column][\/vc_row]<\/p>\n<p><\/p>","protected":false},"excerpt":{"rendered":"<p>[vc_row css_animation=&#8221;&#8221; row_type=&#8221;row&#8221; use_row_as_full_screen_section=&#8221;no&#8221; type=&#8221;full_width&#8221; angled_section=&#8221;no&#8221; text_align=&#8221;left&#8221; background_image_as_pattern=&#8221;without_pattern&#8221;][vc_column][vc_column_text] Template prezentare Simpozion 2023 &nbsp; Speakerii care urmeaz\u0103 s\u0103 sus\u021bin\u0103 prezent\u0103ri \u00een cadrul Edi\u021biei 2023 a Simpozionului, pot folosi ca template pentru prezentare, fi\u0219ierul PowerPoint de mai jos (clic pe link pentru a-l dec\u0103rca pe calculatorul Dvs.):&#8230;<\/p>\n","protected":false},"author":1,"featured_media":0,"parent":16798,"menu_order":0,"comment_status":"closed","ping_status":"closed","template":"","meta":[],"_links":{"self":[{"href":"https:\/\/www.stop-cancer-romania.ro\/en\/wp-json\/wp\/v2\/pages\/16868"}],"collection":[{"href":"https:\/\/www.stop-cancer-romania.ro\/en\/wp-json\/wp\/v2\/pages"}],"about":[{"href":"https:\/\/www.stop-cancer-romania.ro\/en\/wp-json\/wp\/v2\/types\/page"}],"author":[{"embeddable":true,"href":"https:\/\/www.stop-cancer-romania.ro\/en\/wp-json\/wp\/v2\/users\/1"}],"replies":[{"embeddable":true,"href":"https:\/\/www.stop-cancer-romania.ro\/en\/wp-json\/wp\/v2\/comments?post=16868"}],"version-history":[{"count":4,"href":"https:\/\/www.stop-cancer-romania.ro\/en\/wp-json\/wp\/v2\/pages\/16868\/revisions"}],"predecessor-version":[{"id":16875,"href":"https:\/\/www.stop-cancer-romania.ro\/en\/wp-json\/wp\/v2\/pages\/16868\/revisions\/16875"}],"up":[{"embeddable":true,"href":"https:\/\/www.stop-cancer-romania.ro\/en\/wp-json\/wp\/v2\/pages\/16798"}],"wp:attachment":[{"href":"https:\/\/www.stop-cancer-romania.ro\/en\/wp-json\/wp\/v2\/media?parent=16868"}],"curies":[{"name":"wp","href":"https:\/\/api.w.org\/{rel}","templated":true}]}}