{"id":17050,"date":"2024-04-23T00:56:37","date_gmt":"2024-04-22T22:56:37","guid":{"rendered":"https:\/\/www.stop-cancer-romania.ro\/?page_id=17050"},"modified":"2025-04-07T22:50:48","modified_gmt":"2025-04-07T20:50:48","slug":"program-stiintific-2024","status":"publish","type":"page","link":"https:\/\/www.stop-cancer-romania.ro\/en\/simpozion-2024\/program-stiintific-2024\/","title":{"rendered":"(Rom\u00e2n\u0103) Program \u015ftiin\u0163ific 2024"},"content":{"rendered":"<p class=\"qtranxs-available-languages-message qtranxs-available-languages-message-en\">Sorry, this entry is only available in <a href=\"https:\/\/www.stop-cancer-romania.ro\/ro\/wp-json\/wp\/v2\/pages\/17050\" class=\"qtranxs-available-language-link qtranxs-available-language-link-ro\" title=\"Rom\u00e2n\u0103\">Romanian<\/a>.<\/p>","protected":false},"excerpt":{"rendered":"<p>Sorry, this entry is only available in Romanian.<\/p>\n","protected":false},"author":1,"featured_media":0,"parent":16947,"menu_order":0,"comment_status":"closed","ping_status":"closed","template":"","meta":[],"_links":{"self":[{"href":"https:\/\/www.stop-cancer-romania.ro\/en\/wp-json\/wp\/v2\/pages\/17050"}],"collection":[{"href":"https:\/\/www.stop-cancer-romania.ro\/en\/wp-json\/wp\/v2\/pages"}],"about":[{"href":"https:\/\/www.stop-cancer-romania.ro\/en\/wp-json\/wp\/v2\/types\/page"}],"author":[{"embeddable":true,"href":"https:\/\/www.stop-cancer-romania.ro\/en\/wp-json\/wp\/v2\/users\/1"}],"replies":[{"embeddable":true,"href":"https:\/\/www.stop-cancer-romania.ro\/en\/wp-json\/wp\/v2\/comments?post=17050"}],"version-history":[{"count":48,"href":"https:\/\/www.stop-cancer-romania.ro\/en\/wp-json\/wp\/v2\/pages\/17050\/revisions"}],"predecessor-version":[{"id":17128,"href":"https:\/\/www.stop-cancer-romania.ro\/en\/wp-json\/wp\/v2\/pages\/17050\/revisions\/17128"}],"up":[{"embeddable":true,"href":"https:\/\/www.stop-cancer-romania.ro\/en\/wp-json\/wp\/v2\/pages\/16947"}],"wp:attachment":[{"href":"https:\/\/www.stop-cancer-romania.ro\/en\/wp-json\/wp\/v2\/media?parent=17050"}],"curies":[{"name":"wp","href":"https:\/\/api.w.org\/{rel}","templated":true}]}}