{"id":17181,"date":"2025-01-21T18:00:42","date_gmt":"2025-01-21T16:00:42","guid":{"rendered":"https:\/\/www.stop-cancer-romania.ro\/?page_id=17181"},"modified":"2025-01-21T18:01:53","modified_gmt":"2025-01-21T16:01:53","slug":"taxe-de-participare","status":"publish","type":"page","link":"https:\/\/www.stop-cancer-romania.ro\/en\/simpozion-2025\/taxe-de-participare\/","title":{"rendered":"Registration fees"},"content":{"rendered":"<p><\/p>\n<p>[vc_row css_animation=&#8221;&#8221; row_type=&#8221;row&#8221; use_row_as_full_screen_section=&#8221;no&#8221; type=&#8221;full_width&#8221; angled_section=&#8221;no&#8221; text_align=&#8221;left&#8221; background_image_as_pattern=&#8221;without_pattern&#8221;][vc_column][vc_column_text]<\/p>\n<h2>Taxe de participare<\/h2>\n<p>&nbsp;<\/p>\n<p>Participare fizic\u0103, \u00een sala de conferin\u021be a Hotelului Crowne Plaza, Bucure\u0219ti:<\/p>\n<p>&#8211; 100 lei pentru studen\u021bi, medici reziden\u021bi, cercet\u0103tori \u0219i asistente medicale<\/p>\n<p>&#8211; 300 lei pentru medicii speciali\u0219ti \u0219i medicii primari<\/p>\n<p>&nbsp;<\/p>\n<p>Participare online:<\/p>\n<p>&#8211; gratuit<\/p>\n<p>&nbsp;<\/p>\n<p>Taxele de mai sus acoper\u0103 participarea fizic\u0103 la toate lucr\u0103rile Simpozionului STOP Cancer 2025, inclusiv accesul la mas\u0103 (tip bufet) \u0219i b\u0103uturi r\u0103coritoare, pe toat\u0103 durata celor trei zile, precum \u0219i emiterea diplomelor.<\/p>\n<p>&nbsp;<\/p>\n<p>Pentru emiterea diplomelor cu credite EMC, \u00een conformitate cu cerin\u021bele Colegiului Medicilor din Rom\u00e2nia, participan\u021bii online trebuie s\u0103 asiste la minimum 85% din durata lucr\u0103rilor simpozionului, \u00een fiecare dintre cele trei zile.<\/p>\n<p>&nbsp;<\/p>\n<p>Pentru speakerii care sus\u021bin prezent\u0103ri \u00een cadrul simpozionului, participarea (fizic sau online) \u0219i emiterea diplomei sunt gratuite.<\/p>\n<p>&nbsp;<\/p>\n<p>Plata taxelor de participare la Simpozionul STOP Cancer 2025 se poate face cu cardul, online (pornind de la formularul de \u00eenscriere de pe www.stop-cancer.ro) sau prin virament bancar \u00een contul:<\/p>\n<p>&nbsp;<\/p>\n<p><b>Asocia\u021bia Societatea Transdisciplinar\u0103 de Oncologie Personalizat\u0103 pentru Combaterea Cancerului \u2013 STOP CANCER<\/b><br \/><i>Cod Identificare Fiscal\u0103 (CIF):<\/i> 37532643<br \/><i>IBAN:<\/i> RO60CECEB21030RON4407809<br \/><i>Banca:<\/i> CEC BANK<\/p>\n<p>&nbsp;<\/p>\n<p><b>Date de contact:<\/b><br \/><i>Email suport \u00eenscrieri \u0219i pl\u0103\u021bi:<\/i> contact@stop-cancer-romania.ro<br \/><i>Email echipa tehnic\u0103:<\/i> contact@stop-cancer.ro<br \/><i>Telefon Organizator (Emma Travel):<\/i> 0724 056 526<\/p>\n<p>&nbsp;<\/p>\n<p>V\u0103 rug\u0103m s\u0103 men\u021biona\u021bi pe ordinul de plat\u0103 numele medicului pentru care achita\u021bi taxa de participare.<\/p>\n<p>[\/vc_column_text][\/vc_column][\/vc_row][vc_row css_animation=&#8221;&#8221; row_type=&#8221;row&#8221; use_row_as_full_screen_section=&#8221;no&#8221; type=&#8221;full_width&#8221; angled_section=&#8221;no&#8221; text_align=&#8221;left&#8221; background_image_as_pattern=&#8221;without_pattern&#8221;][vc_column][vc_empty_space height=&#8221;100px&#8221;][\/vc_column][\/vc_row]<\/p>\n<p><\/p>","protected":false},"excerpt":{"rendered":"<p>[vc_row css_animation=&#8221;&#8221; row_type=&#8221;row&#8221; use_row_as_full_screen_section=&#8221;no&#8221; type=&#8221;full_width&#8221; angled_section=&#8221;no&#8221; text_align=&#8221;left&#8221; background_image_as_pattern=&#8221;without_pattern&#8221;][vc_column][vc_column_text] Taxe de participare &nbsp; Participare fizic\u0103, \u00een sala de conferin\u021be a Hotelului Crowne Plaza, Bucure\u0219ti: &#8211; 100 lei pentru studen\u021bi, medici reziden\u021bi, cercet\u0103tori \u0219i asistente medicale &#8211; 300 lei pentru medicii speciali\u0219ti \u0219i medicii primari &nbsp; Participare&#8230;<\/p>\n","protected":false},"author":1,"featured_media":0,"parent":17178,"menu_order":0,"comment_status":"closed","ping_status":"closed","template":"","meta":[],"_links":{"self":[{"href":"https:\/\/www.stop-cancer-romania.ro\/en\/wp-json\/wp\/v2\/pages\/17181"}],"collection":[{"href":"https:\/\/www.stop-cancer-romania.ro\/en\/wp-json\/wp\/v2\/pages"}],"about":[{"href":"https:\/\/www.stop-cancer-romania.ro\/en\/wp-json\/wp\/v2\/types\/page"}],"author":[{"embeddable":true,"href":"https:\/\/www.stop-cancer-romania.ro\/en\/wp-json\/wp\/v2\/users\/1"}],"replies":[{"embeddable":true,"href":"https:\/\/www.stop-cancer-romania.ro\/en\/wp-json\/wp\/v2\/comments?post=17181"}],"version-history":[{"count":2,"href":"https:\/\/www.stop-cancer-romania.ro\/en\/wp-json\/wp\/v2\/pages\/17181\/revisions"}],"predecessor-version":[{"id":17183,"href":"https:\/\/www.stop-cancer-romania.ro\/en\/wp-json\/wp\/v2\/pages\/17181\/revisions\/17183"}],"up":[{"embeddable":true,"href":"https:\/\/www.stop-cancer-romania.ro\/en\/wp-json\/wp\/v2\/pages\/17178"}],"wp:attachment":[{"href":"https:\/\/www.stop-cancer-romania.ro\/en\/wp-json\/wp\/v2\/media?parent=17181"}],"curies":[{"name":"wp","href":"https:\/\/api.w.org\/{rel}","templated":true}]}}