{"id":17317,"date":"2025-12-17T12:34:22","date_gmt":"2025-12-17T10:34:22","guid":{"rendered":"https:\/\/www.stop-cancer-romania.ro\/?page_id=17317"},"modified":"2026-02-26T00:12:21","modified_gmt":"2026-02-25T22:12:21","slug":"curs-de-cercetare-studii-clinice-oncologie-ghid-practic-2026","status":"publish","type":"page","link":"https:\/\/www.stop-cancer-romania.ro\/en\/educatie\/curs-de-cercetare-studii-clinice-oncologie-ghid-practic-2026\/","title":{"rendered":"Cursurile STOP Cancer de cercetare \u0219i studii clinice \u00een oncologie &#8211; ghid practic (2026)"},"content":{"rendered":"<h2>EDI\u021aIA 2026 A CURSURILOR STOP CANCER<\/h2>\n<p>&nbsp;<\/p>\n<p>\u00cen 2026, \u00een perioada 18 martie &#8211; 10 iunie, va avea loc o nou\u0103 serie de Cursuri STOP Cancer, subiectul cursurilor din acest an fiind cercetarea \u0219i studiile clinice \u00een oncologie. Cursurile sunt gratuite \u0219i se vor desf\u0103\u0219ura online, o dat\u0103 pe s\u0103pt\u0103m\u00e2n\u0103, \u00een fiecare miercuri de la ora 16:00, \u0219i vor acoperi \u00eentreaga tematic\u0103 a cercet\u0103rii fundamentale \u0219i transla\u021bionale \u00een oncologie, inclusiv conceperea \u0219i implementarea studiilor clinice. Cursurile vor avea o dimensiune foarte practic\u0103, astfel \u00eenc\u00e2t at\u00e2t oncologii mai tineri c\u00e2t \u0219i cei care au deja ani de experien\u021b\u0103 \u00een spate, prin participarea la aceste cursuri, s\u0103 poat\u0103 dob\u00e2ndi toate informa\u021biile necesare pentru a putea parcurge tot drumul de la o idee terapeutic\u0103 \u0219i p\u00e2n\u0103 la aplicarea ei \u00een practica clinic\u0103. Programul cursurilor este disponibil mai jos.<\/p>\n<p>&nbsp;<\/p>\n<p>Pentru participare se vor acorda credite EMC. \u00censcrierile la cursurile STOP Cancer se fac pe platforma <a href=\"https:\/\/www.stop-cancer.ro\/\">www.stop-cancer.ro<\/a>.<\/p>\n<p>&nbsp;<\/p>\n<h2>Curs de cercetare \u00een oncologie pentru reziden\u021bii de oncologie \u0219i tinerii oncologi (2026)<\/h2>\n<p><b>Coordonatori: Prof. Adina Croitoru, Prof. Simona Dima, Assoc. Prof. Doru Paul, Assist. Prof. Irina Matei, Dr. Andrei Ungureanu<\/b><\/p>\n<p>&nbsp;<\/p>\n<p><b style=\"color:blue\">SEC\u021aIUNEA 1 &#8211; PRINCIPIILE CERCET\u0102RII FUNDAMENTALE \u00ceN ONCOLOGIE (S\u0103pt\u0103m\u00e2nile 1-5)<\/b><\/p>\n<p><b>S\u0103pt\u0103m\u00e2na 1 (Miercuri 18 Martie, ora 16:00)<\/b> \u2014 Biostatistica \u00een Oncologie 1 (60 min)<br \/>\n<i>Profesor Adina Turcu-Stiolica<\/i><\/p>\n<p>&nbsp;<\/p>\n<p><b>S\u0103pt\u0103m\u00e2na 2 (Miercuri 25 Martie, ora 16:00)<\/b> \u2014 Biostatistica \u00een Oncologie 2 (60 min)<br \/>\n<i>Profesor Adina Turcu-Stiolica<\/i><\/p>\n<p>&nbsp;<\/p>\n<p><b>S\u0103pt\u0103m\u00e2na 3 (Miercuri 1 Aprilie, ora 16:00)<\/b> \u2014 Semnale moleculare, celulare, tisulare \u0219i organismale ale cancerului (90 min)<br \/>\n<i>Prof. Simona Dima, Assoc. Prof. Doru Paul<\/i><\/p>\n<p>&nbsp;<\/p>\n<p><b>S\u0103pt\u0103m\u00e2na 4 (Miercuri 8 Aprilie, ora 16:00)<\/b> Tehnici de laborator \u00een biologia cancerului. Platforme transla\u021bionale \u0219i modele preclinice (90 min)<br \/>\n<i>Asisst. Prof. Irina Matei \u0219i Instructor Laura P\u0103tra\u0219<\/i><\/p>\n<p>&nbsp;<\/p>\n<p><b>S\u0103pt\u0103m\u00e2na 5 (Miercuri 29 Aprilie, ora 16:00)<\/b> \u2014 Genomic\u0103, epigenomic\u0103, biologie sistemic\u0103 a cancerului. Imunologia tumoral\u0103 \u0219i metabolismul tumoral (90 min)<br \/>\n<i>Assist. Prof. Irina Matei \u0219i Assoc. Prof. Doru Paul<\/i><\/p>\n<p>&nbsp;<\/p>\n<p><b style=\"color:blue\">SEC\u021aIUNEA 2 \u2014 FUNDAMENTE DE CERCETARE TRANSLA\u021aIONAL\u0102 (S\u0103pt\u0103m\u00e2na 6)<\/b><\/p>\n<p><b>S\u0103pt\u0103m\u00e2na 6 (Miercuri 6 mai, ora 16:00)<\/b> \u2014 Dezvoltarea unui studiu transla\u021bional (60 min)<br \/>\n<i>Assoc. Prof. Doru Paul<\/i><\/p>\n<p>&nbsp;<\/p>\n<p><b style=\"color:blue\">SEC\u021aIUNEA 3 \u2014 FUNDAMENTE DE CERCETARE \u0218I STUDII CLINICE (S\u0103pt\u0103m\u00e2nile 7-8)<\/b><\/p>\n<p><b>S\u0103pt\u0103m\u00e2na 7 (Miercuri 13 Mai, ora 16:00)<\/b> \u2014 Principiile studiilor clinice (90 min)<br \/>\n<i>Prezentatorul va fi anun\u021bat<\/i><\/p>\n<p>&nbsp;<\/p>\n<p><b>S\u0103pt\u0103m\u00e2na 8 (Miercuri 20 Mai, ora 16:00)<\/b> \u2014 C\u0103i de reglementare \u0219i etic\u0103, Monitorizarea datelor, Siguran\u021ba pacientului \u0219i Raportare efectelor secundare (90 min)<br \/>\n<i>Prezentatorul va fi anun\u021bat<\/i><\/p>\n<p>&nbsp;<\/p>\n<p><b style=\"color:blue\">SEC\u021aIUNEA 4 \u2014 BIOSTATISTIC\u0102 STUDII CLINICE (S\u0103pt\u0103m\u00e2na 9)<\/b><\/p>\n<p><b>S\u0103pt\u0103m\u00e2na 9 (Miercuri 27 Mai, ora 16:00)<\/b> \u2014 Fundamente statistice (90 min)<br \/>\n<i>Assoc. Prof. Mihela Capanu<\/i><\/p>\n<p>&nbsp;<\/p>\n<p><b style=\"color:blue\">SEC\u021aIUNEA 5 \u2014 SCRIERE \u0218TIIN\u021aIFIC\u0102 \u0218I PUBLICA\u021aIE ACADEMIC\u0102 (S\u0103pt\u0103m\u00e2na 10)<\/b><\/p>\n<p><b>S\u0103pt\u0103m\u00e2na 10 (Miercuri 3 iunie, ora 16:00)<\/b> \u2014  Formatul unui articol \u0219tiin\u021bific. Cum se public\u0103 un articol stiin\u021bific (60 min)<br \/>\n<i>Ioana Vi\u0219an, PhD Editor Nature; Monica Chiril\u0103, MD Managing Editor Journal of Medical and Radiation Oncology<\/i><\/p>\n<p>&nbsp;<\/p>\n<p><b style=\"color:blue\">SEC\u021aIUNEA 6 \u2014 Experien\u021be personale \u00een designul \u0219i coordonarea studiilor clinice (S\u0103pt\u0103m\u00e2na 11)<\/b><\/p>\n<p><b>S\u0103pt\u0103m\u00e2na 11 (Miercuri 10 iunie, ora 16:00)<\/b> \u2014  Parcursul unui cercet\u0103tor clinic \u00een oncologie (60 min)<br \/>\n<i>Prof. Simona Dima, Prof. Adina Croitoru, Asoc. Prof. Doru Paul, Dr. Andrei Ungureanu<\/i><\/p>\n<p>&nbsp;<\/p>\n<p>NOT\u0102: Programul cursurilor poate suferi modific\u0103ri.<\/p>\n<p>&nbsp;<\/p>\n<h2>Detalii privind \u00eenscrierea la cursuri<\/h2>\n<p>&nbsp;<\/p>\n<p>Pe platforma <a href=\"https:\/\/www.stop-cancer.ro\/\">www.stop-cancer.ro<\/a> exist\u0103 un formular unic de \u00eenscriere, at\u00e2t pentru participarea la Simpozionul STOP Cancer, c\u00e2t \u0219i pentru Cursurile de Cercetare \u00een Oncologie.<\/p>\n<p>&nbsp;<\/p>\n<\/p>\n<p>Dac\u0103 a\u021bi participat \u00een ultimii ani la Simpozionul STOP Cancer, atunci ave\u021bi deja cont pe www.stop-cancer.ro, \u0219i \u00een acest caz, mai \u00eent\u00e2i trebuie s\u0103 v\u0103 autentifica\u021bi pe platform\u0103 \u0219i ve\u021bi g\u0103si formularul de \u00eenscriere gata pre-completat cu datele de anul trecut (trebuie doar s\u0103 le verifica\u021bi, s\u0103 selecta\u021bi op\u021biunile de participare \u0219i apoi pute\u021bi trimite formularul).<\/p>\n<p>&nbsp;<\/p>\n<p>Dac\u0103 ave\u021bi parola din anii trecu\u021bi, pute\u021bi merge direct la pagina de <a href=\"https:\/\/www.stop-cancer.ro\/users\/login.php\">autentificare<\/a>. Dac\u0103 nu mai g\u0103si\u021bi mailul prin care v-a fost trimis\u0103 parola, atunci merge\u021bi la <a href=\"https:\/\/www.stop-cancer.ro\/users\/recovery.php\">recuperare parol\u0103<\/a> \u0219i urma\u021bi procedura de recuperare a parolei.<\/p>\n<p>&nbsp;<\/p>\n<p>Dac\u0103 nu a\u021bi mai participat la evenimentele STOP Cancer din ultimii ani, sau dac\u0103 v-a\u021bi schimbat \u00eentre timp adresa de email, atunci completa\u021bi formularul de \u00eenscriere de pe <a href=\"https:\/\/www.stop-cancer.ro\/\">www.stop-cancer.ro<\/a>; dup\u0103 completarea formularului, vi se genereaz\u0103 un cont de utilizator \u0219i vi se trimite prin email parola de acces.<\/p>\n<p>&nbsp;<\/p>\n<p>&nbsp;<\/p>\n<p>&nbsp;<\/p>\n","protected":false},"excerpt":{"rendered":"<p>EDI\u021aIA 2026 A CURSURILOR STOP CANCER &nbsp; \u00cen 2026, \u00een perioada 18 martie &#8211; 10 iunie, va avea loc o nou\u0103 serie de Cursuri STOP Cancer, subiectul cursurilor din acest an fiind cercetarea \u0219i studiile clinice \u00een oncologie. Cursurile sunt gratuite \u0219i se vor desf\u0103\u0219ura&#8230;<\/p>\n","protected":false},"author":1,"featured_media":0,"parent":16306,"menu_order":0,"comment_status":"closed","ping_status":"closed","template":"","meta":[],"_links":{"self":[{"href":"https:\/\/www.stop-cancer-romania.ro\/en\/wp-json\/wp\/v2\/pages\/17317"}],"collection":[{"href":"https:\/\/www.stop-cancer-romania.ro\/en\/wp-json\/wp\/v2\/pages"}],"about":[{"href":"https:\/\/www.stop-cancer-romania.ro\/en\/wp-json\/wp\/v2\/types\/page"}],"author":[{"embeddable":true,"href":"https:\/\/www.stop-cancer-romania.ro\/en\/wp-json\/wp\/v2\/users\/1"}],"replies":[{"embeddable":true,"href":"https:\/\/www.stop-cancer-romania.ro\/en\/wp-json\/wp\/v2\/comments?post=17317"}],"version-history":[{"count":29,"href":"https:\/\/www.stop-cancer-romania.ro\/en\/wp-json\/wp\/v2\/pages\/17317\/revisions"}],"predecessor-version":[{"id":17358,"href":"https:\/\/www.stop-cancer-romania.ro\/en\/wp-json\/wp\/v2\/pages\/17317\/revisions\/17358"}],"up":[{"embeddable":true,"href":"https:\/\/www.stop-cancer-romania.ro\/en\/wp-json\/wp\/v2\/pages\/16306"}],"wp:attachment":[{"href":"https:\/\/www.stop-cancer-romania.ro\/en\/wp-json\/wp\/v2\/media?parent=17317"}],"curies":[{"name":"wp","href":"https:\/\/api.w.org\/{rel}","templated":true}]}}